{"id":9,"date":"2009-06-08T08:20:49","date_gmt":"2009-06-08T06:20:49","guid":{"rendered":"http:\/\/neues-forum-sachsen.de\/?page_id=9"},"modified":"2013-02-10T17:14:31","modified_gmt":"2013-02-10T15:14:31","slug":"about","status":"publish","type":"page","link":"http:\/\/www.neues-forum-sachsen.de\/?page_id=9","title":{"rendered":"\u00dcber uns"},"content":{"rendered":"<div class=\"snap_preview\">\n<ul>\n<li>1989  Gr\u00fcndung des NEUEN FORUM in vielen St\u00e4dten und Gemeinden Sachsens<\/li>\n<li>1990  Gr\u00fcndung von Landesverb\u00e4nden und des Bundesverbandes<\/li>\n<li>1990  Teilnehme an der Bundestags-, an den Landtags- und Kommunalwahlen, z.  T. in der Listenverbindung B\u00fcndnis 90<\/li>\n<li>1990-1994 Gruppe FORUM im 1. S\u00e4chsischen Landtag mit drei Abgeordneten des  NEUEN FORUM und einem parteilosen Abgeordneten<\/li>\n<li>1994  Teilnahme an der Europawahl und an der Landtagswahl in Sachsen sowie  an Kommunalwahlen<\/li>\n<li>1998  Teilnahme an der Bundestagswahl sowie an der OBM-Wahl in Leipzig<\/li>\n<li> 1999  Teilnahme an der Landtagswahl sowie an Kommunalwahlen<\/li>\n<li>2004  Teilnahme an der Kommunalwahl in Leipzig<\/li>\n<li>2009 Teilnahme an der Kommunalwahl in Leipzig<\/li>\n<\/ul>\n<p>In Sachsen ist das NEUE FORUM derzeit parlamentarisch nur im <a href=\"http:\/\/neuesforumleipzig.wordpress.com\">Leipziger Stadtrat<\/a> vertreten. Das NEUE FORUM Sachsen ist als Landesverband Mitglied im Bundesverband des NEUEN FORUM. Das NEUE FORUM versteht sich als B\u00fcrgerbewegung, die dem Parteiengesetz der Bundesrepublik Deutschland entspricht. Dazu geh\u00f6rt, dass wir uns zu Wahlen stellen. Neben den parlamentarischen Aktivit\u00e4ten beteiligte und beteiligt sich das NEUE FORUM Sachsen an vielf\u00e4ltigen au\u00dferparlamentarischen Initiativen. Beispielhaft seien hier genannt:<\/p>\n<ul>\n<li>1994-2000  Kampagne gegen Zwangsarbeit f\u00fcr Sozialhilfeberechtigte<\/li>\n<li>1999  Proteste gegen die Verharmlosung der Verbrechen des SED-Regimes<\/li>\n<li> 2000  Kampagne gegen Video\u00fcberwachung \u00f6ffentlicher R\u00e4ume<\/li>\n<li>2004 Teilnahme an den Protesten gegen Sozialabbau, an Montagsdemonstrationen gegen Hartz IV und Agenda 2010, seit August Mitarbeit im \u201eAktionsb\u00fcndnis: Soziale Gerechtigkeit \u2013 Stoppt den Sozialabbau! Leipzig- Nordsachsen\u201d<\/li>\n<\/ul>\n<p>Wir mischen uns ein, wenn wir die Freiheit in Gefahr sehen. Wir richten uns gegen Sozialabbau und ungerechtfertigten staatlichen Zwang. Der Sozialstaat ist die Bedingung der M\u00f6glichkeit individueller Freiheit und Unabh\u00e4ngigkeit.<\/p>\n<p><img loading=\"lazy\" decoding=\"async\" class=\"alignright size-full wp-image-56\" title=\"Logo NEUES FORUM klein\" src=\"http:\/\/neuesforumleipzig.files.wordpress.com\/2009\/02\/logoforum50x92.jpg?w=92&amp;h=50\" alt=\"Logo NEUES FORUM klein\" width=\"92\" height=\"50\" \/>Das Logo des NEUEN FORUM, der Regenbogen, steht schon seit 1989 als Symbol f\u00fcr Frieden, f\u00fcr Gewaltlosigkeit und f\u00fcr Vielfalt, die wir als Bereicherung ansehen.<\/div>\n","protected":false},"excerpt":{"rendered":"<p>1989 Gr\u00fcndung des NEUEN FORUM in vielen St\u00e4dten und Gemeinden Sachsens 1990 Gr\u00fcndung von Landesverb\u00e4nden und des Bundesverbandes 1990 Teilnehme an der Bundestags-, an den Landtags- und Kommunalwahlen, z. T. in der Listenverbindung B\u00fcndnis 90 1990-1994 Gruppe FORUM im 1. S\u00e4chsischen Landtag mit drei Abgeordneten des NEUEN FORUM und einem parteilosen Abgeordneten 1994 Teilnahme an [&hellip;]<\/p>\n","protected":false},"author":2,"featured_media":0,"parent":0,"menu_order":3,"comment_status":"closed","ping_status":"closed","template":"","meta":{"footnotes":""},"class_list":["post-9","page","type-page","status-publish","hentry"],"_links":{"self":[{"href":"http:\/\/www.neues-forum-sachsen.de\/index.php?rest_route=\/wp\/v2\/pages\/9"}],"collection":[{"href":"http:\/\/www.neues-forum-sachsen.de\/index.php?rest_route=\/wp\/v2\/pages"}],"about":[{"href":"http:\/\/www.neues-forum-sachsen.de\/index.php?rest_route=\/wp\/v2\/types\/page"}],"author":[{"embeddable":true,"href":"http:\/\/www.neues-forum-sachsen.de\/index.php?rest_route=\/wp\/v2\/users\/2"}],"replies":[{"embeddable":true,"href":"http:\/\/www.neues-forum-sachsen.de\/index.php?rest_route=%2Fwp%2Fv2%2Fcomments&post=9"}],"version-history":[{"count":1,"href":"http:\/\/www.neues-forum-sachsen.de\/index.php?rest_route=\/wp\/v2\/pages\/9\/revisions"}],"predecessor-version":[{"id":76,"href":"http:\/\/www.neues-forum-sachsen.de\/index.php?rest_route=\/wp\/v2\/pages\/9\/revisions\/76"}],"wp:attachment":[{"href":"http:\/\/www.neues-forum-sachsen.de\/index.php?rest_route=%2Fwp%2Fv2%2Fmedia&parent=9"}],"curies":[{"name":"wp","href":"https:\/\/api.w.org\/{rel}","templated":true}]}}