{"id":15,"date":"2009-06-08T11:42:49","date_gmt":"2009-06-08T10:42:49","guid":{"rendered":"http:\/\/neuesforumsachsen.wordpress.com\/?page_id=13"},"modified":"2009-06-08T11:42:49","modified_gmt":"2009-06-08T10:42:49","slug":"grundsatze","status":"publish","type":"page","link":"http:\/\/www.neues-forum-sachsen.de\/?page_id=15","title":{"rendered":"Grunds\u00e4tze"},"content":{"rendered":"<div class=\"snap_preview\">\n<p>Grunds\u00e4tze des NEUEN FORUM<\/p>\n<ol>\n<li>Das NEUE FORUM ist eine unabh\u00e4ngige politische Vereinigung von B\u00fcrgerinnen und B\u00fcrgern, die Demokratie in allen Lebensbereichen durchsetzen wollen. Seine Mitglieder bauen auf Gewaltlosigkeit, auf Vernunft und die Kraft der Argumente.<\/li>\n<li>Das Ziel des NEUEN FORUM ist die Gestaltung einer der W\u00fcrde des Menschen verpflichteten Gesellschaft, die Frieden, soziale Gerechtigkeit und die Bewahrung unserer Umwelt als ihre h\u00f6chsten G\u00fcter begreift. Ein demokratischer Rechtsstaat und eine demokratisch kontrollierte Wirtschaft m\u00fcssen diesen Zielen dienen.<\/li>\n<li>Das NEUE FORUM arbeitet auf der Grundlage der Basisdemokratie. Meinungs\u00e4u\u00dferungen und politische Willensbildung vollziehen sich in einem demokratischen Proze\u00df auf Diskussionsforen, in Arbeitsgemeinschaften, auf Mitgliederversammlungen und in den Gremien des NEUEN FORUM.<\/li>\n<li>Das NEUE FORUM strebt danach, politische Verantwortung f\u00fcr die Durchsetzung der in den Grunds\u00e4tzen niedergelegten Ziele zu \u00fcbernehmen. Das schlie\u00dft die M\u00f6glichkeit der Beteiligung an Wahlen ein.<\/li>\n<li>Das NEUE FORUM setzt sich f\u00fcr problembezogene, partei\u00fcbergreifende B\u00fcrgerinnen- und B\u00fcrgervertretungen ein. Es strebt daher eine Vernetzung der verschiedenen B\u00fcrgerinitiativen, Interessenverb\u00e4nde und aller Gleichgesinnten an.<\/li>\n<li>Das NEUE FORUM tritt gegen Ausl\u00e4nderfeindlichkeit, Neofaschismus, Stalinismus, Gewaltverherrlichung, Militarismus, Antisemitismus, Rassismus und Sexismus auf.<\/li>\n<li>Das NEUE FORUM setzt sich f\u00fcr die Abschaffung aller Geheimdienste, des Milit\u00e4rs und der Zwangsdienste ein und daf\u00fcr, dass zivile Konfliktl\u00f6sungsmechanismen anstelle milit\u00e4rischer Strategien entwickelt werden.<\/li>\n<li>Das NEUE FORUM setzt sich daf\u00fcr ein, dass Bedingungen in der Gesellschaft geschaffen werden, unter denen Kinder, Frauen und M\u00e4nner selbstbestimmt leben k\u00f6nnen.<\/li>\n<li>Unser Ziel ist eine B\u00fcrgerbewegung, die au\u00dferparlamentarisch und parlamentarisch arbeitet. Dabei wird nach au\u00dfen den Mindestanforderungen des Parteiengesetzes entsprochen. Die Binnenstruktur bleibt eine Plattform f\u00fcr alle, die mitarbeiten wollen.<\/li>\n<\/ol>\n<\/div>\n","protected":false},"excerpt":{"rendered":"<p>Grunds\u00e4tze des NEUEN FORUM Das NEUE FORUM ist eine unabh\u00e4ngige politische Vereinigung von B\u00fcrgerinnen und B\u00fcrgern, die Demokratie in allen Lebensbereichen durchsetzen wollen. Seine Mitglieder bauen auf Gewaltlosigkeit, auf Vernunft und die Kraft der Argumente. Das Ziel des NEUEN FORUM ist die Gestaltung einer der W\u00fcrde des Menschen verpflichteten Gesellschaft, die Frieden, soziale Gerechtigkeit und [&hellip;]<\/p>\n","protected":false},"author":2,"featured_media":0,"parent":9,"menu_order":0,"comment_status":"closed","ping_status":"closed","template":"","meta":{"footnotes":""},"class_list":["post-15","page","type-page","status-publish","hentry"],"_links":{"self":[{"href":"http:\/\/www.neues-forum-sachsen.de\/index.php?rest_route=\/wp\/v2\/pages\/15"}],"collection":[{"href":"http:\/\/www.neues-forum-sachsen.de\/index.php?rest_route=\/wp\/v2\/pages"}],"about":[{"href":"http:\/\/www.neues-forum-sachsen.de\/index.php?rest_route=\/wp\/v2\/types\/page"}],"author":[{"embeddable":true,"href":"http:\/\/www.neues-forum-sachsen.de\/index.php?rest_route=\/wp\/v2\/users\/2"}],"replies":[{"embeddable":true,"href":"http:\/\/www.neues-forum-sachsen.de\/index.php?rest_route=%2Fwp%2Fv2%2Fcomments&post=15"}],"version-history":[{"count":0,"href":"http:\/\/www.neues-forum-sachsen.de\/index.php?rest_route=\/wp\/v2\/pages\/15\/revisions"}],"up":[{"embeddable":true,"href":"http:\/\/www.neues-forum-sachsen.de\/index.php?rest_route=\/wp\/v2\/pages\/9"}],"wp:attachment":[{"href":"http:\/\/www.neues-forum-sachsen.de\/index.php?rest_route=%2Fwp%2Fv2%2Fmedia&parent=15"}],"curies":[{"name":"wp","href":"https:\/\/api.w.org\/{rel}","templated":true}]}}