{"id":12,"date":"2009-06-08T10:08:54","date_gmt":"2009-06-08T08:08:54","guid":{"rendered":"http:\/\/neuesforumsachsen.wordpress.com\/?page_id=7"},"modified":"2013-02-10T17:14:46","modified_gmt":"2013-02-10T15:14:46","slug":"impressum","status":"publish","type":"page","link":"http:\/\/www.neues-forum-sachsen.de\/?page_id=12","title":{"rendered":"Impressum"},"content":{"rendered":"<div class=\"snap_preview\">\n<p>F\u00fcr diese Seite ist das NEUE FORUM Sachsen, vertreten durch den Sprecherrat, verantwortlich.<\/p>\n<p>Kontakt per Post: Ro\u00dfmarktstr. 30, 04177 Leipzig<\/p>\n<p>Kontakt per Mail: info at neues-forum-sachsen punkt de<\/p>\n<p>Das NEUE FORUM Leipzig beschr\u00e4nkt seine Verantwortlichkeit ausschlie\u00dflich auf die unter der Domain http:\/\/neues-forum-sachsen.de ver\u00f6ffentlichten Inhalte. Links zu externen Angeboten werden bei Erstellung gepr\u00fcft. Eine Verantwortung f\u00fcr den Inhalt von auf dieser Seite verlinkten Angeboten Dritter wird ausdr\u00fccklich ausgeschlossen.<\/p>\n<p>Die in Kommentaren wiedergegebenen Meinungen sind die der Kommentatoren und nicht die des NEUEN FORUM Sachsen. Ungeachtet dessen beh\u00e4lt sich das NEUE FORUM Sachsen vor, Kommentare, die gegen geltende Gesetze oder die guten Sitten versto\u00dfen, ohne Ank\u00fcndigung zu l\u00f6schen und den Kommentator von der weiteren Diskussion auszuschlie\u00dfen.<\/p>\n<\/div>\n","protected":false},"excerpt":{"rendered":"<p>F\u00fcr diese Seite ist das NEUE FORUM Sachsen, vertreten durch den Sprecherrat, verantwortlich. Kontakt per Post: Ro\u00dfmarktstr. 30, 04177 Leipzig Kontakt per Mail: info at neues-forum-sachsen punkt de Das NEUE FORUM Leipzig beschr\u00e4nkt seine Verantwortlichkeit ausschlie\u00dflich auf die unter der Domain http:\/\/neues-forum-sachsen.de ver\u00f6ffentlichten Inhalte. Links zu externen Angeboten werden bei Erstellung gepr\u00fcft. Eine Verantwortung f\u00fcr [&hellip;]<\/p>\n","protected":false},"author":2,"featured_media":0,"parent":0,"menu_order":2,"comment_status":"closed","ping_status":"closed","template":"","meta":{"footnotes":""},"class_list":["post-12","page","type-page","status-publish","hentry"],"_links":{"self":[{"href":"http:\/\/www.neues-forum-sachsen.de\/index.php?rest_route=\/wp\/v2\/pages\/12"}],"collection":[{"href":"http:\/\/www.neues-forum-sachsen.de\/index.php?rest_route=\/wp\/v2\/pages"}],"about":[{"href":"http:\/\/www.neues-forum-sachsen.de\/index.php?rest_route=\/wp\/v2\/types\/page"}],"author":[{"embeddable":true,"href":"http:\/\/www.neues-forum-sachsen.de\/index.php?rest_route=\/wp\/v2\/users\/2"}],"replies":[{"embeddable":true,"href":"http:\/\/www.neues-forum-sachsen.de\/index.php?rest_route=%2Fwp%2Fv2%2Fcomments&post=12"}],"version-history":[{"count":2,"href":"http:\/\/www.neues-forum-sachsen.de\/index.php?rest_route=\/wp\/v2\/pages\/12\/revisions"}],"predecessor-version":[{"id":77,"href":"http:\/\/www.neues-forum-sachsen.de\/index.php?rest_route=\/wp\/v2\/pages\/12\/revisions\/77"}],"wp:attachment":[{"href":"http:\/\/www.neues-forum-sachsen.de\/index.php?rest_route=%2Fwp%2Fv2%2Fmedia&parent=12"}],"curies":[{"name":"wp","href":"https:\/\/api.w.org\/{rel}","templated":true}]}}